{"id":1414,"date":"2023-09-25T08:41:29","date_gmt":"2023-09-25T08:41:29","guid":{"rendered":"https:\/\/fka.researchfilm.studio\/history-of-yar\/"},"modified":"2025-01-29T13:04:04","modified_gmt":"2025-01-29T13:04:04","slug":"history-of-hya","status":"publish","type":"page","link":"https:\/\/fka.mta.hu\/en\/history-of-hya\/","title":{"rendered":"History of HYA"},"content":{"rendered":"\t\t<div data-elementor-type=\"wp-page\" data-elementor-id=\"1414\" class=\"elementor elementor-1414 elementor-878\" data-elementor-post-type=\"page\">\n\t\t\t\t<div data-dce-background-color=\"#FFFFFF\" class=\"elementor-element elementor-element-f328ddc e-flex e-con-boxed e-con e-parent\" data-id=\"f328ddc\" data-element_type=\"container\" data-e-type=\"container\" data-settings=\"{&quot;background_background&quot;:&quot;gradient&quot;}\">\n\t\t\t\t\t<div class=\"e-con-inner\">\n\t\t<div class=\"elementor-element elementor-element-c816fad e-flex e-con-boxed e-con e-child\" data-id=\"c816fad\" data-element_type=\"container\" data-e-type=\"container\">\n\t\t\t\t\t<div class=\"e-con-inner\">\n\t\t\t\t<div data-dce-title-color=\"#FFFFFF\" class=\"elementor-element elementor-element-efbf164 elementor-widget elementor-widget-heading\" data-id=\"efbf164\" data-element_type=\"widget\" data-e-type=\"widget\" data-widget_type=\"heading.default\">\n\t\t\t\t<div class=\"elementor-widget-container\">\n\t\t\t\t\t<h2 class=\"elementor-heading-title elementor-size-default\">History of HYA<\/h2>\t\t\t\t<\/div>\n\t\t\t\t<\/div>\n\t\t<div class=\"elementor-element elementor-element-4276bb1 e-grid e-con-boxed e-con e-child\" data-id=\"4276bb1\" data-element_type=\"container\" data-e-type=\"container\">\n\t\t\t\t\t<div class=\"e-con-inner\">\n\t\t\t\t<div class=\"elementor-element elementor-element-0b993d5 elementor-widget elementor-widget-image\" data-id=\"0b993d5\" data-element_type=\"widget\" data-e-type=\"widget\" data-widget_type=\"image.default\">\n\t\t\t\t<div class=\"elementor-widget-container\">\n\t\t\t\t\t\t\t\t\t\t\t\t\t\t\t<img fetchpriority=\"high\" decoding=\"async\" width=\"700\" height=\"487\" src=\"https:\/\/fka.mta.hu\/wp-content\/uploads\/FKA-boritek-700x487.webp\" class=\"attachment-large size-large wp-image-1387\" alt=\"\" srcset=\"https:\/\/fka.mta.hu\/wp-content\/uploads\/FKA-boritek-700x487.webp 700w, https:\/\/fka.mta.hu\/wp-content\/uploads\/FKA-boritek-250x174.webp 250w, https:\/\/fka.mta.hu\/wp-content\/uploads\/FKA-boritek-768x534.webp 768w, https:\/\/fka.mta.hu\/wp-content\/uploads\/FKA-boritek-120x83.webp 120w, https:\/\/fka.mta.hu\/wp-content\/uploads\/FKA-boritek.webp 1024w\" sizes=\"(max-width: 700px) 100vw, 700px\" \/>\t\t\t\t\t\t\t\t\t\t\t\t\t\t\t<\/div>\n\t\t\t\t<\/div>\n\t\t\t\t<div data-dce-text-color=\"#000000\" class=\"elementor-element elementor-element-de232d1 elementor-widget elementor-widget-text-editor\" data-id=\"de232d1\" data-element_type=\"widget\" data-e-type=\"widget\" data-widget_type=\"text-editor.default\">\n\t\t\t\t<div class=\"elementor-widget-container\">\n\t\t\t\t\t\t\t\t\t<p>The Hungarian Young Academy (HYA) was officially launched on 7 May 2019. Prof. L\u00e1szl\u00f3 Lov\u00e1sz, then President of the Hungarian Academy of Sciences (MTA), announced the establishment of the organisation a day earlier at the 191st MTA General Assembly, and the inaugural meeting took place on 7 May. The Hungarian Young Academy started out with 24 members, and admitting 12 new members each year in the first three years of its existence, it reached its full membership (60 persons) by 2022. However, the history of this interest representation body for young researchers goes back to as early as June 2016. For a detailed recollection of the beginnings and the first few years of HYA&#8217;s operation, please refer to a personal account by literary historian and HYA founding member \u00c1gnes M\u00e1t\u00e9, <a href=\"https:\/\/mersz.hu\/mod\/object.php?objazonosito=matud202312_f95881_i1\">The Beginnings: An Anecdotal Narrative on the Founding of the Hungarian Young Academy<\/a> (currently available only in Hungarian).<\/p>\n\t\t\t\t\t\t\t\t<\/div>\n\t\t\t\t<\/div>\n\t\t\t\t\t<\/div>\n\t\t\t\t<\/div>\n\t\t\t\t<div class=\"elementor-element elementor-element-2311ac8 elementor-widget elementor-widget-dce-dynamicposts-v2\" data-id=\"2311ac8\" data-element_type=\"widget\" data-e-type=\"widget\" data-settings=\"{&quot;timeline_timeline_rowspace&quot;:{&quot;unit&quot;:&quot;px&quot;,&quot;size&quot;:&quot;&quot;,&quot;sizes&quot;:[]},&quot;timeline_timeline_rowspace_tablet&quot;:{&quot;unit&quot;:&quot;px&quot;,&quot;size&quot;:&quot;&quot;,&quot;sizes&quot;:[]},&quot;timeline_timeline_rowspace_mobile&quot;:{&quot;unit&quot;:&quot;px&quot;,&quot;size&quot;:&quot;&quot;,&quot;sizes&quot;:[]}}\" data-widget_type=\"dce-dynamicposts-v2.timeline\">\n\t\t\t\t<div class=\"elementor-widget-container\">\n\t\t\t\t\t\n\t\t<div class=\"dce-fix-background-loop dce-posts-container dce-posts dce-dynamic-posts-collection  dce-timeline js-dce-timeline dce-timeline-container dce-skin-timeline\">\n\t\t\t\t\t\t<div class=\"dce-posts-wrapper dce-timeline-wrapper dce-wrapper-timeline\">\n\t\t\t\n\t\t<div class=\"dce-timeline__block\">\n\t\t\t<div class=\"dce-timeline__img dce-timeline__img--picture dce-timeline__img--hidden\">\n\t\t\t\t\t\t\t<\/div>\n\n\t\t\t<div class=\"dce-timeline__content dce-timeline__content--hidden\">\n\t\t<div class=\"dce-item dce-item_title elementor-repeater-item-6eadc0d\"><h3 class=\"dce-post-title\">June 2016 \u2013 Preparatory work begins<\/h3><\/div><div class=\"dce-item dce-item_image elementor-repeater-item-1ff9779\"><\/div><div class=\"dce-item dce-item_content elementor-repeater-item-de6fb94\"><div class=\"dce-post-content\"><p><a href=\"https:\/\/mta.hu\/koztestuleti_tagok?PersonId=30841\">Gergely Toldi<\/a> contacts MTA President<span style=\"font-weight: 400\">\u00a0<a href=\"https:\/\/mta.hu\/koztestuleti_tagok?PersonId=19246\">L\u00e1szl\u00f3 Lov\u00e1sz<\/a> with his proposal that on the model of the Global Young Academy and the Young Academy of Europe, an organization for early-career researchers should also be founded in Hungary.<\/span><\/p>\n<\/div><\/div>\t\t\t<\/div>\n\t\t<\/div>\n\t\t\n\t\t<div class=\"dce-timeline__block\">\n\t\t\t<div class=\"dce-timeline__img dce-timeline__img--picture dce-timeline__img--hidden\">\n\t\t\t\t\t\t\t<\/div>\n\n\t\t\t<div class=\"dce-timeline__content dce-timeline__content--hidden\">\n\t\t<div class=\"dce-item dce-item_title elementor-repeater-item-6eadc0d\"><h3 class=\"dce-post-title\">10 May 2017 \u2013 1st Young Researchers&#8217; Forum organized at MTA&#8217;s 188th General Assembly<\/h3><\/div><div class=\"dce-item dce-item_image elementor-repeater-item-1ff9779\"><\/div><div class=\"dce-item dce-item_content elementor-repeater-item-de6fb94\"><div class=\"dce-post-content\"><p>The participants of the event engaged in a lively discussion about the situation of young researchers working in various disciplines. The preparation of a questionnaire survey is decided the implementation of which is undertaken by a small team of young researchers on a voluntary basis.<\/p>\n<p><a href=\"https:\/\/mta.hu\/fka\/i-fiatal-kutatok-foruma-az-mta-188-kozgyulesenek-kereteben-2017-majus-109533\">https:\/\/mta.hu\/fka\/i-fiatal-kutatok-foruma-az-mta-188-kozgyulesenek-kereteben-2017-majus-109533<\/a><\/p>\n<\/div><\/div>\t\t\t<\/div>\n\t\t<\/div>\n\t\t\n\t\t<div class=\"dce-timeline__block\">\n\t\t\t<div class=\"dce-timeline__img dce-timeline__img--picture dce-timeline__img--hidden\">\n\t\t\t\t\t\t\t<\/div>\n\n\t\t\t<div class=\"dce-timeline__content dce-timeline__content--hidden\">\n\t\t<div class=\"dce-item dce-item_title elementor-repeater-item-6eadc0d\"><h3 class=\"dce-post-title\">9 May 2018 \u2013 2nd Young Researchers&#8217; Forum at MTA&#8217;s 189th General Assembly<\/h3><\/div><div class=\"dce-item dce-item_image elementor-repeater-item-1ff9779\"><\/div><div class=\"dce-item dce-item_content elementor-repeater-item-de6fb94\"><div class=\"dce-post-content\"><p><a href=\"https:\/\/mta.hu\/koztestuleti_tagok?PersonId=10054581\">Don\u00e1t Alp\u00e1r<\/a> presents the preliminary results of the survey analyzing the questionnaires of approximately 1500 respondents. After the event, MTA President L\u00e1szl\u00f3 Lov\u00e1sz announces the creation of a temporary body called \"Young Researchers' Ad-hoc Committee\".<\/p>\n<p><a href=\"https:\/\/mta.hu\/fka\/ii-fiatal-kutatok-foruma-az-mta-189-kozgyulesenek-kereteben-2018-majus-109534\">https:\/\/mta.hu\/fka\/ii-fiatal-kutatok-foruma-az-mta-189-kozgyulesenek-kereteben-2018-majus-109534<\/a><\/p>\n<\/div><\/div>\t\t\t<\/div>\n\t\t<\/div>\n\t\t\n\t\t<div class=\"dce-timeline__block\">\n\t\t\t<div class=\"dce-timeline__img dce-timeline__img--picture dce-timeline__img--hidden\">\n\t\t\t\t\t\t\t<\/div>\n\n\t\t\t<div class=\"dce-timeline__content dce-timeline__content--hidden\">\n\t\t<div class=\"dce-item dce-item_title elementor-repeater-item-6eadc0d\"><h3 class=\"dce-post-title\">June\u2013August 2018 \u2013 Research report analyzing the situation of early-career researchers drafted<\/h3><\/div><div class=\"dce-item dce-item_image elementor-repeater-item-1ff9779\"><\/div><div class=\"dce-item dce-item_content elementor-repeater-item-de6fb94\"><div class=\"dce-post-content\"><p><span style=\"font-weight: 400\">The results of the questionnaire on the situation of early-career researchers are completely analyzed, and a research report is drafted to sum up the results and put forward suggestions.<\/span><\/p>\n<\/div><\/div>\t\t\t<\/div>\n\t\t<\/div>\n\t\t\n\t\t<div class=\"dce-timeline__block\">\n\t\t\t<div class=\"dce-timeline__img dce-timeline__img--picture dce-timeline__img--hidden\">\n\t\t\t\t\t\t\t<\/div>\n\n\t\t\t<div class=\"dce-timeline__content dce-timeline__content--hidden\">\n\t\t<div class=\"dce-item dce-item_title elementor-repeater-item-6eadc0d\"><h3 class=\"dce-post-title\">June 2018 \u2013 Young Researchers&#8217; Ad-hoc Committee formed<\/h3><\/div><div class=\"dce-item dce-item_image elementor-repeater-item-1ff9779\"><\/div><div class=\"dce-item dce-item_content elementor-repeater-item-de6fb94\"><div class=\"dce-post-content\"><p><span style=\"font-weight: 400\">L\u00e1szl\u00f3 Lov\u00e1sz sets up the Young Researchers' Ad-hoc Committee (FKEB) composed of senior members of the Academy and young researchers. The Committee is headed by academician <a href=\"https:\/\/mta.hu\/koztestuleti_tagok?PersonId=14808\">Mih\u00e1ly P\u00f3sfai<\/a>. The Committee is given the task of setting up the Young Academy of Sciences (\"FTA\").<\/span><\/p>\n<\/div><\/div>\t\t\t<\/div>\n\t\t<\/div>\n\t\t\n\t\t<div class=\"dce-timeline__block\">\n\t\t\t<div class=\"dce-timeline__img dce-timeline__img--picture dce-timeline__img--hidden\">\n\t\t\t\t\t\t\t<\/div>\n\n\t\t\t<div class=\"dce-timeline__content dce-timeline__content--hidden\">\n\t\t<div class=\"dce-item dce-item_title elementor-repeater-item-6eadc0d\"><h3 class=\"dce-post-title\">January 2019 \u2013 24-person initial membership formed<\/h3><\/div><div class=\"dce-item dce-item_image elementor-repeater-item-1ff9779\"><\/div><div class=\"dce-item dce-item_content elementor-repeater-item-de6fb94\"><div class=\"dce-post-content\"><p><span style=\"font-weight: 400\">The Young Researchers' Ad-hoc Committee selects an additional 14 members from among the candidates: the 24-person initial team is thus formed.<\/span><\/p>\n<\/div><\/div>\t\t\t<\/div>\n\t\t<\/div>\n\t\t\n\t\t<div class=\"dce-timeline__block\">\n\t\t\t<div class=\"dce-timeline__img dce-timeline__img--picture dce-timeline__img--hidden\">\n\t\t\t\t\t\t\t<\/div>\n\n\t\t\t<div class=\"dce-timeline__content dce-timeline__content--hidden\">\n\t\t<div class=\"dce-item dce-item_title elementor-repeater-item-6eadc0d\"><h3 class=\"dce-post-title\">March\u2013April 2019 \u2013 HYA Statutes and branding completed<\/h3><\/div><div class=\"dce-item dce-item_image elementor-repeater-item-1ff9779\"><\/div><div class=\"dce-item dce-item_content elementor-repeater-item-de6fb94\"><div class=\"dce-post-content\"><p>The final name of the organization is decided on (Fiatal Kutat\u00f3k Akad\u00e9mi\u00e1ja = Hungarian Young Academy). The draft Statutes and the logo are finalized, and the first website is launched.<\/p>\n<\/div><\/div>\t\t\t<\/div>\n\t\t<\/div>\n\t\t\n\t\t<div class=\"dce-timeline__block\">\n\t\t\t<div class=\"dce-timeline__img dce-timeline__img--picture dce-timeline__img--hidden\">\n\t\t\t\t\t\t\t<\/div>\n\n\t\t\t<div class=\"dce-timeline__content dce-timeline__content--hidden\">\n\t\t<div class=\"dce-item dce-item_title elementor-repeater-item-6eadc0d\"><h3 class=\"dce-post-title\">6\u20138 May 2019 \u2013 Hungarian Young Academy officially founded<\/h3><\/div><div class=\"dce-item dce-item_image elementor-repeater-item-1ff9779\"><\/div><div class=\"dce-item dce-item_content elementor-repeater-item-de6fb94\"><div class=\"dce-post-content\"><p><span style=\"font-weight: 400\">On 6 May, L\u00e1szl\u00f3 Lov\u00e1sz, then President of MTA, announces the foundation of the civic association called Hungarian Young Academy at MTA's 191st General Assembly. HYA holds its inaugural session on 7 May and the 3rd Young Researchers' Forum on 8 May.<\/span><\/p>\n<\/div><\/div>\t\t\t<\/div>\n\t\t<\/div>\n\t\t\n\t\t<div class=\"dce-timeline__block\">\n\t\t\t<div class=\"dce-timeline__img dce-timeline__img--picture dce-timeline__img--hidden\">\n\t\t\t\t\t\t\t<\/div>\n\n\t\t\t<div class=\"dce-timeline__content dce-timeline__content--hidden\">\n\t\t<div class=\"dce-item dce-item_title elementor-repeater-item-6eadc0d\"><h3 class=\"dce-post-title\">1 May 2022 \u2013 HYA membership reaches its maximum of 60 persons<\/h3><\/div><div class=\"dce-item dce-item_image elementor-repeater-item-1ff9779\"><\/div><div class=\"dce-item dce-item_content elementor-repeater-item-de6fb94\"><div class=\"dce-post-content\"><\/div><\/div>\t\t\t<\/div>\n\t\t<\/div>\n\t\t\t\t\t<\/div>\n\t\t\t\t\t<\/div>\n\t\t\t\t\t\t<\/div>\n\t\t\t\t<\/div>\n\t\t\t\t\t<\/div>\n\t\t\t\t<\/div>\n\t\t\t\t\t<\/div>\n\t\t\t\t<\/div>\n\t\t\t\t<\/div>\n\t\t","protected":false},"excerpt":{"rendered":"2016. j\u00fanius \u2013 Megkezd\u0151dik az el\u0151k\u00e9sz\u00edt\u0151 munka Toldi Gergely megkeresi Lov\u00e1sz L\u00e1szl\u00f3t, az MTA eln\u00f6k\u00e9t azzal, hogy a Global Young Academy \u00e9s a Young Academy of Europe mint\u00e1j\u00e1ra Magyarorsz\u00e1gon is l\u00e9tre kellene hozni egy fiatal kutat\u00f3kat t\u00f6m\u00f6r\u00edt\u0151 szervezetet. 2017. m\u00e1jus 10. \u2013 Megrendezik az I. Fiatal Kutat\u00f3k F\u00f3rum\u00e1t az MTA 188. k\u00f6zgy\u0171l\u00e9s\u00e9n Az esem\u00e9ny r\u00e9sztvev\u0151i&#8230; <a class=\"view-article\" href=\"https:\/\/fka.mta.hu\/en\/history-of-hya\/\">View Article<\/a>","protected":false},"author":1,"featured_media":0,"parent":0,"menu_order":0,"comment_status":"closed","ping_status":"closed","template":"","meta":{"_acf_changed":false,"footnotes":""},"class_list":["post-1414","page","type-page","status-publish","hentry"],"acf":[],"_links":{"self":[{"href":"https:\/\/fka.mta.hu\/en\/wp-json\/wp\/v2\/pages\/1414","targetHints":{"allow":["GET"]}}],"collection":[{"href":"https:\/\/fka.mta.hu\/en\/wp-json\/wp\/v2\/pages"}],"about":[{"href":"https:\/\/fka.mta.hu\/en\/wp-json\/wp\/v2\/types\/page"}],"author":[{"embeddable":true,"href":"https:\/\/fka.mta.hu\/en\/wp-json\/wp\/v2\/users\/1"}],"replies":[{"embeddable":true,"href":"https:\/\/fka.mta.hu\/en\/wp-json\/wp\/v2\/comments?post=1414"}],"version-history":[{"count":29,"href":"https:\/\/fka.mta.hu\/en\/wp-json\/wp\/v2\/pages\/1414\/revisions"}],"predecessor-version":[{"id":3646,"href":"https:\/\/fka.mta.hu\/en\/wp-json\/wp\/v2\/pages\/1414\/revisions\/3646"}],"wp:attachment":[{"href":"https:\/\/fka.mta.hu\/en\/wp-json\/wp\/v2\/media?parent=1414"}],"curies":[{"name":"wp","href":"https:\/\/api.w.org\/{rel}","templated":true}]}}