{"id":1402,"date":"2023-09-28T08:29:08","date_gmt":"2023-09-28T08:29:08","guid":{"rendered":"https:\/\/fka.researchfilm.studio\/alumni\/"},"modified":"2025-05-20T11:07:32","modified_gmt":"2025-05-20T11:07:32","slug":"alumni","status":"publish","type":"page","link":"https:\/\/fka.mta.hu\/en\/alumni\/","title":{"rendered":"Alumni"},"content":{"rendered":"\t\t<div data-elementor-type=\"wp-page\" data-elementor-id=\"1402\" class=\"elementor elementor-1402 elementor-945\" data-elementor-post-type=\"page\">\n\t\t\t\t<div data-dce-background-color=\"#FFFFFF\" class=\"elementor-element elementor-element-042990f e-flex e-con-boxed e-con e-parent\" data-id=\"042990f\" data-element_type=\"container\" data-e-type=\"container\" data-settings=\"{&quot;background_background&quot;:&quot;classic&quot;}\">\n\t\t\t\t\t<div class=\"e-con-inner\">\n\t\t\t\t<div data-dce-title-color=\"#FFFFFF\" class=\"elementor-element elementor-element-317a7bf elementor-widget elementor-widget-heading\" data-id=\"317a7bf\" data-element_type=\"widget\" data-e-type=\"widget\" data-widget_type=\"heading.default\">\n\t\t\t\t<div class=\"elementor-widget-container\">\n\t\t\t\t\t<h2 class=\"elementor-heading-title elementor-size-default\">Alumni<\/h2>\t\t\t\t<\/div>\n\t\t\t\t<\/div>\n\t\t\t\t<div data-dce-text-color=\"#000000\" class=\"elementor-element elementor-element-cda087f elementor-widget elementor-widget-text-editor\" data-id=\"cda087f\" data-element_type=\"widget\" data-e-type=\"widget\" data-widget_type=\"text-editor.default\">\n\t\t\t\t<div class=\"elementor-widget-container\">\n\t\t\t\t\t\t\t\t\t<p>HYA membership is for a period of 5 years, at the end of which members become alumni. The rights of the alumni and their further role in the activities of HYA are determined by the Executive Board.<\/p>\n<p><strong>Code of Procedures<\/strong><\/p>\n<p><strong>Article 10. <\/strong>Alumni<\/p>\n<p>(1) According to the provisions of the Statutes, upon the expiration of their membership period, members shall become alumni. The rights of the alumni and their further role in the activities of HYA shall be determined by the Executive Board. The purpose of elaborating alumni regulations is to maintain an institutional, albeit looser, connection to HYA, which is largely justified by the professional support provided by the alumni and the advantage of the alumni&#8217;s professional network for HYA.<\/p>\n<p>(2) After the expiration of the membership period, alumni shall be granted alumni status for an indefinite period of time, which, however, they shall be free to decline any time.<\/p>\n<p>(3) Alumni shall have the right to use the title alumnus\/alumna in relation to HYA.<\/p>\n<p>(4) Alumni shall help to achieve the goals defined in the HYA Statutes, in line with the directions set by the Executive Board. Alumni shall have an opportunity to report on their HYA-related activities to the HYA Executive Board and the General Assembly. The HYA Executive Board shall keep the alumni informed about the activities of HYA with the help of an electronic mailing list dedicated to this purpose.<\/p>\n<p>(5) Alumni shall have the right to participate in professional events organized by HYA and with the Executive Board&#8217;s consent, they shall be entitled to contact the HYA committees with their proposals or to give advice upon request. Alumni may attend the General Assembly at the request of the Executive Board.<\/p>\n<p>(6) The Executive Board may ask the alumni to carry out certain activities related to the tasks defined in the HYA Statutes.<\/p>\n<p>(7) Alumni shall have the right to consult with the HYA Advisory Board if at least 10 alumni members feel that the activities of HYA begin to diverge significantly from the goals specified in the Statutes, and may request the intervention of the HYA Advisory Board by indicating the problem. The alumni shall immediately inform the co-chairs of HYA about this action.<\/p>\n<p>(8) The annual report of HYA may discuss the alumni&#8217;s activities, which is prepared by the Executive Board for MTA and the various HYA fora in consultation with the alumni.<\/p>\n\t\t\t\t\t\t\t\t<\/div>\n\t\t\t\t<\/div>\n\t\t\t\t\t<\/div>\n\t\t\t\t<\/div>\n\t\t<div data-dce-background-color=\"#FFFFFF\" class=\"elementor-element elementor-element-9d92a9f e-flex e-con-boxed e-con e-parent\" data-id=\"9d92a9f\" data-element_type=\"container\" data-e-type=\"container\" data-settings=\"{&quot;background_background&quot;:&quot;gradient&quot;}\">\n\t\t\t\t\t<div class=\"e-con-inner\">\n\t\t\t\t<div class=\"elementor-element elementor-element-a6b1c52 dce-align-center dce-posts-layout-default dce-col-4 dce-col-tablet-3 dce-col-mobile-1 elementor-widget elementor-widget-dce-dynamicposts-v2\" data-id=\"a6b1c52\" data-element_type=\"widget\" data-e-type=\"widget\" data-settings=\"{&quot;templatemode_linkable&quot;:&quot;yes&quot;,&quot;style_items&quot;:&quot;default&quot;,&quot;grid_grid_type&quot;:&quot;flex&quot;}\" data-widget_type=\"dce-dynamicposts-v2.grid\">\n\t\t\t\t<div class=\"elementor-widget-container\">\n\t\t\t\t\t\n\t\t<div class=\"dce-fix-background-loop dce-posts-container dce-posts dce-dynamic-posts-collection  dce-skin-grid dce-skin-grid-flex\">\n\t\t\t\t\t\t<div class=\"dce-posts-wrapper dce-wrapper-grid\">\n\t\t\t\n\t\t<article class=\"post-1563 tagok type-tagok status-publish has-post-thumbnail hentry category-alumni dce-post dce-post-item dce-item-grid\" data-dce-post-id=\"1563\" data-dce-post-index=\"0\" data-post-link=\"https:\/\/fka.mta.hu\/en\/tagok\/donat-alpar\/\">\n\t\t\t<div class=\"dce-post-block\">\n\t\t<div class=\"dce-item dce-item_title elementor-repeater-item-35a3145\"><h2 class=\"dce-post-title\"><a href=\"https:\/\/fka.mta.hu\/en\/tagok\/donat-alpar\/\">Alp\u00e1r, Don\u00e1t<\/a><\/h2><\/div>\t\t\t<\/div>\n\t\t<\/article>\n\t\t\n\t\t<article class=\"post-2897 tagok type-tagok status-publish has-post-thumbnail hentry category-alumni dce-post dce-post-item dce-item-grid\" data-dce-post-id=\"2897\" data-dce-post-index=\"1\" data-post-link=\"https:\/\/fka.mta.hu\/en\/tagok\/baba-barbara\/\">\n\t\t\t<div class=\"dce-post-block\">\n\t\t<div class=\"dce-item dce-item_title elementor-repeater-item-35a3145\"><h2 class=\"dce-post-title\"><a href=\"https:\/\/fka.mta.hu\/en\/tagok\/baba-barbara\/\">B\u00e1ba, Barbara<\/a><\/h2><\/div>\t\t\t<\/div>\n\t\t<\/article>\n\t\t\n\t\t<article class=\"post-2899 tagok type-tagok status-publish has-post-thumbnail hentry category-alumni dce-post dce-post-item dce-item-grid\" data-dce-post-id=\"2899\" data-dce-post-index=\"2\" data-post-link=\"https:\/\/fka.mta.hu\/en\/tagok\/balint-erika\/\">\n\t\t\t<div class=\"dce-post-block\">\n\t\t<div class=\"dce-item dce-item_title elementor-repeater-item-35a3145\"><h2 class=\"dce-post-title\"><a href=\"https:\/\/fka.mta.hu\/en\/tagok\/balint-erika\/\">B\u00e1lint, Erika<\/a><\/h2><\/div>\t\t\t<\/div>\n\t\t<\/article>\n\t\t\n\t\t<article class=\"post-2903 tagok type-tagok status-publish has-post-thumbnail hentry category-alumni dce-post dce-post-item dce-item-grid\" data-dce-post-id=\"2903\" data-dce-post-index=\"3\" data-post-link=\"https:\/\/fka.mta.hu\/en\/tagok\/balogh-gabor\/\">\n\t\t\t<div class=\"dce-post-block\">\n\t\t<div class=\"dce-item dce-item_title elementor-repeater-item-35a3145\"><h2 class=\"dce-post-title\"><a href=\"https:\/\/fka.mta.hu\/en\/tagok\/balogh-gabor\/\">Balogh, G\u00e1bor<\/a><\/h2><\/div>\t\t\t<\/div>\n\t\t<\/article>\n\t\t\n\t\t<article class=\"post-2908 tagok type-tagok status-publish has-post-thumbnail hentry category-alumni dce-post dce-post-item dce-item-grid\" data-dce-post-id=\"2908\" data-dce-post-index=\"4\" data-post-link=\"https:\/\/fka.mta.hu\/en\/tagok\/beni-szabolcs\/\">\n\t\t\t<div class=\"dce-post-block\">\n\t\t<div class=\"dce-item dce-item_title elementor-repeater-item-35a3145\"><h2 class=\"dce-post-title\"><a href=\"https:\/\/fka.mta.hu\/en\/tagok\/beni-szabolcs\/\">B\u00e9ni, Szabolcs<\/a><\/h2><\/div>\t\t\t<\/div>\n\t\t<\/article>\n\t\t\n\t\t<article class=\"post-2909 tagok type-tagok status-publish has-post-thumbnail hentry category-alumni dce-post dce-post-item dce-item-grid\" data-dce-post-id=\"2909\" data-dce-post-index=\"5\" data-post-link=\"https:\/\/fka.mta.hu\/en\/tagok\/csuka-dorottya\/\">\n\t\t\t<div class=\"dce-post-block\">\n\t\t<div class=\"dce-item dce-item_title elementor-repeater-item-35a3145\"><h2 class=\"dce-post-title\"><a href=\"https:\/\/fka.mta.hu\/en\/tagok\/csuka-dorottya\/\">Csuka, Dorottya<\/a><\/h2><\/div>\t\t\t<\/div>\n\t\t<\/article>\n\t\t\n\t\t<article class=\"post-2911 tagok type-tagok status-publish has-post-thumbnail hentry category-alumni dce-post dce-post-item dce-item-grid\" data-dce-post-id=\"2911\" data-dce-post-index=\"6\" data-post-link=\"https:\/\/fka.mta.hu\/en\/tagok\/csupor-dezso\/\">\n\t\t\t<div class=\"dce-post-block\">\n\t\t<div class=\"dce-item dce-item_title elementor-repeater-item-35a3145\"><h2 class=\"dce-post-title\"><a href=\"https:\/\/fka.mta.hu\/en\/tagok\/csupor-dezso\/\">Csupor, Dezs\u0151<\/a><\/h2><\/div>\t\t\t<\/div>\n\t\t<\/article>\n\t\t\n\t\t<article class=\"post-2912 tagok type-tagok status-publish has-post-thumbnail hentry category-alumni dce-post dce-post-item dce-item-grid\" data-dce-post-id=\"2912\" data-dce-post-index=\"7\" data-post-link=\"https:\/\/fka.mta.hu\/en\/tagok\/dekany-eva-katalin\/\">\n\t\t\t<div class=\"dce-post-block\">\n\t\t<div class=\"dce-item dce-item_title elementor-repeater-item-35a3145\"><h2 class=\"dce-post-title\"><a href=\"https:\/\/fka.mta.hu\/en\/tagok\/dekany-eva-katalin\/\">D\u00e9k\u00e1ny, \u00c9va<\/a><\/h2><\/div>\t\t\t<\/div>\n\t\t<\/article>\n\t\t\n\t\t<article class=\"post-2914 tagok type-tagok status-publish has-post-thumbnail hentry category-alumni dce-post dce-post-item dce-item-grid\" data-dce-post-id=\"2914\" data-dce-post-index=\"8\" data-post-link=\"https:\/\/fka.mta.hu\/en\/tagok\/domotor-orsolya\/\">\n\t\t\t<div class=\"dce-post-block\">\n\t\t<div class=\"dce-item dce-item_title elementor-repeater-item-35a3145\"><h2 class=\"dce-post-title\"><a href=\"https:\/\/fka.mta.hu\/en\/tagok\/domotor-orsolya\/\">D\u00f6m\u00f6t\u00f6r, Orsolya<\/a><\/h2><\/div>\t\t\t<\/div>\n\t\t<\/article>\n\t\t\n\t\t<article class=\"post-2915 tagok type-tagok status-publish has-post-thumbnail hentry category-alumni dce-post dce-post-item dce-item-grid\" data-dce-post-id=\"2915\" data-dce-post-index=\"9\" data-post-link=\"https:\/\/fka.mta.hu\/en\/tagok\/enyedi-balazs\/\">\n\t\t\t<div class=\"dce-post-block\">\n\t\t<div class=\"dce-item dce-item_title elementor-repeater-item-35a3145\"><h2 class=\"dce-post-title\"><a href=\"https:\/\/fka.mta.hu\/en\/tagok\/enyedi-balazs\/\">Enyedi, Bal\u00e1zs<\/a><\/h2><\/div>\t\t\t<\/div>\n\t\t<\/article>\n\t\t\n\t\t<article class=\"post-2916 tagok type-tagok status-publish has-post-thumbnail hentry category-alumni dce-post dce-post-item dce-item-grid\" data-dce-post-id=\"2916\" data-dce-post-index=\"10\" data-post-link=\"https:\/\/fka.mta.hu\/en\/tagok\/ercsey-ravasz-maria-magdolna\/\">\n\t\t\t<div class=\"dce-post-block\">\n\t\t<div class=\"dce-item dce-item_title elementor-repeater-item-35a3145\"><h2 class=\"dce-post-title\"><a href=\"https:\/\/fka.mta.hu\/en\/tagok\/ercsey-ravasz-maria-magdolna\/\">Ercsey-Ravasz, M\u00e1ria-Magdolna<\/a><\/h2><\/div>\t\t\t<\/div>\n\t\t<\/article>\n\t\t\n\t\t<article class=\"post-2966 tagok type-tagok status-publish has-post-thumbnail hentry category-alumni dce-post dce-post-item dce-item-grid\" data-dce-post-id=\"2966\" data-dce-post-index=\"11\" data-post-link=\"https:\/\/fka.mta.hu\/en\/tagok\/gselmann-eszter\/\">\n\t\t\t<div class=\"dce-post-block\">\n\t\t<div class=\"dce-item dce-item_title elementor-repeater-item-35a3145\"><h2 class=\"dce-post-title\"><a href=\"https:\/\/fka.mta.hu\/en\/tagok\/gselmann-eszter\/\">Gselmann, Eszter<\/a><\/h2><\/div>\t\t\t<\/div>\n\t\t<\/article>\n\t\t\n\t\t<article class=\"post-1565 tagok type-tagok status-publish has-post-thumbnail hentry category-alumni dce-post dce-post-item dce-item-grid\" data-dce-post-id=\"1565\" data-dce-post-index=\"12\" data-post-link=\"https:\/\/fka.mta.hu\/en\/tagok\/balint-hartmann\/\">\n\t\t\t<div class=\"dce-post-block\">\n\t\t<div class=\"dce-item dce-item_title elementor-repeater-item-35a3145\"><h2 class=\"dce-post-title\"><a href=\"https:\/\/fka.mta.hu\/en\/tagok\/balint-hartmann\/\">Hartmann, B\u00e1lint<\/a><\/h2><\/div>\t\t\t<\/div>\n\t\t<\/article>\n\t\t\n\t\t<article class=\"post-1566 tagok type-tagok status-publish has-post-thumbnail hentry category-alumni dce-post dce-post-item dce-item-grid\" data-dce-post-id=\"1566\" data-dce-post-index=\"13\" data-post-link=\"https:\/\/fka.mta.hu\/en\/tagok\/istvan-hatvani\/\">\n\t\t\t<div class=\"dce-post-block\">\n\t\t<div class=\"dce-item dce-item_title elementor-repeater-item-35a3145\"><h2 class=\"dce-post-title\"><a href=\"https:\/\/fka.mta.hu\/en\/tagok\/istvan-hatvani\/\">Hatvani, Istv\u00e1n G\u00e1bor<\/a><\/h2><\/div>\t\t\t<\/div>\n\t\t<\/article>\n\t\t\n\t\t<article class=\"post-2922 tagok type-tagok status-publish has-post-thumbnail hentry category-alumni dce-post dce-post-item dce-item-grid\" data-dce-post-id=\"2922\" data-dce-post-index=\"14\" data-post-link=\"https:\/\/fka.mta.hu\/en\/tagok\/jambor-attila\/\">\n\t\t\t<div class=\"dce-post-block\">\n\t\t<div class=\"dce-item dce-item_title elementor-repeater-item-35a3145\"><h2 class=\"dce-post-title\"><a href=\"https:\/\/fka.mta.hu\/en\/tagok\/jambor-attila\/\">J\u00e1mbor, Attila<\/a><\/h2><\/div>\t\t\t<\/div>\n\t\t<\/article>\n\t\t\n\t\t<article class=\"post-2924 tagok type-tagok status-publish has-post-thumbnail hentry category-alumni dce-post dce-post-item dce-item-grid\" data-dce-post-id=\"2924\" data-dce-post-index=\"15\" data-post-link=\"https:\/\/fka.mta.hu\/en\/tagok\/janaky-csaba\/\">\n\t\t\t<div class=\"dce-post-block\">\n\t\t<div class=\"dce-item dce-item_title elementor-repeater-item-35a3145\"><h2 class=\"dce-post-title\"><a href=\"https:\/\/fka.mta.hu\/en\/tagok\/janaky-csaba\/\">Jan\u00e1ky, Csaba<\/a><\/h2><\/div>\t\t\t<\/div>\n\t\t<\/article>\n\t\t\n\t\t<article class=\"post-1567 tagok type-tagok status-publish has-post-thumbnail hentry category-alumni dce-post dce-post-item dce-item-grid\" data-dce-post-id=\"1567\" data-dce-post-index=\"16\" data-post-link=\"https:\/\/fka.mta.hu\/en\/tagok\/gabor-kecskes\/\">\n\t\t\t<div class=\"dce-post-block\">\n\t\t<div class=\"dce-item dce-item_title elementor-repeater-item-35a3145\"><h2 class=\"dce-post-title\"><a href=\"https:\/\/fka.mta.hu\/en\/tagok\/gabor-kecskes\/\">Kecsk\u00e9s, G\u00e1bor<\/a><\/h2><\/div>\t\t\t<\/div>\n\t\t<\/article>\n\t\t\n\t\t<article class=\"post-2929 tagok type-tagok status-publish has-post-thumbnail hentry category-alumni dce-post dce-post-item dce-item-grid\" data-dce-post-id=\"2929\" data-dce-post-index=\"17\" data-post-link=\"https:\/\/fka.mta.hu\/en\/tagok\/kiss-gabor-gyula\/\">\n\t\t\t<div class=\"dce-post-block\">\n\t\t<div class=\"dce-item dce-item_title elementor-repeater-item-35a3145\"><h2 class=\"dce-post-title\"><a href=\"https:\/\/fka.mta.hu\/en\/tagok\/kiss-gabor-gyula\/\">Kiss, G\u00e1bor Gyula<\/a><\/h2><\/div>\t\t\t<\/div>\n\t\t<\/article>\n\t\t\n\t\t<article class=\"post-2938 tagok type-tagok status-publish has-post-thumbnail hentry category-alumni dce-post dce-post-item dce-item-grid\" data-dce-post-id=\"2938\" data-dce-post-index=\"18\" data-post-link=\"https:\/\/fka.mta.hu\/en\/tagok\/kospal-agnes\/\">\n\t\t\t<div class=\"dce-post-block\">\n\t\t<div class=\"dce-item dce-item_title elementor-repeater-item-35a3145\"><h2 class=\"dce-post-title\"><a href=\"https:\/\/fka.mta.hu\/en\/tagok\/kospal-agnes\/\">K\u00f3sp\u00e1l, \u00c1gnes<\/a><\/h2><\/div>\t\t\t<\/div>\n\t\t<\/article>\n\t\t\n\t\t<article class=\"post-2940 tagok type-tagok status-publish has-post-thumbnail hentry category-alumni dce-post dce-post-item dce-item-grid\" data-dce-post-id=\"2940\" data-dce-post-index=\"19\" data-post-link=\"https:\/\/fka.mta.hu\/en\/tagok\/kovacs-istvan-janos\/\">\n\t\t\t<div class=\"dce-post-block\">\n\t\t<div class=\"dce-item dce-item_title elementor-repeater-item-35a3145\"><h2 class=\"dce-post-title\"><a href=\"https:\/\/fka.mta.hu\/en\/tagok\/kovacs-istvan-janos\/\">Kov\u00e1cs, Istv\u00e1n J\u00e1nos<\/a><\/h2><\/div>\t\t\t<\/div>\n\t\t<\/article>\n\t\t\n\t\t<article class=\"post-2944 tagok type-tagok status-publish has-post-thumbnail hentry category-alumni dce-post dce-post-item dce-item-grid\" data-dce-post-id=\"2944\" data-dce-post-index=\"20\" data-post-link=\"https:\/\/fka.mta.hu\/en\/tagok\/kubinyi-eniko\/\">\n\t\t\t<div class=\"dce-post-block\">\n\t\t<div class=\"dce-item dce-item_title elementor-repeater-item-35a3145\"><h2 class=\"dce-post-title\"><a href=\"https:\/\/fka.mta.hu\/en\/tagok\/kubinyi-eniko\/\">Kubinyi, Enik\u0151<\/a><\/h2><\/div>\t\t\t<\/div>\n\t\t<\/article>\n\t\t\n\t\t<article class=\"post-2953 tagok type-tagok status-publish has-post-thumbnail hentry category-alumni dce-post dce-post-item dce-item-grid\" data-dce-post-id=\"2953\" data-dce-post-index=\"21\" data-post-link=\"https:\/\/fka.mta.hu\/en\/tagok\/lazar-zsofia\/\">\n\t\t\t<div class=\"dce-post-block\">\n\t\t<div class=\"dce-item dce-item_title elementor-repeater-item-35a3145\"><h2 class=\"dce-post-title\"><a href=\"https:\/\/fka.mta.hu\/en\/tagok\/lazar-zsofia\/\">L\u00e1z\u00e1r, Zs\u00f3fia<\/a><\/h2><\/div>\t\t\t<\/div>\n\t\t<\/article>\n\t\t\n\t\t<article class=\"post-1443 tagok type-tagok status-publish has-post-thumbnail hentry category-alumni dce-post dce-post-item dce-item-grid\" data-dce-post-id=\"1443\" data-dce-post-index=\"22\" data-post-link=\"https:\/\/fka.mta.hu\/en\/tagok\/lengyel-balazs\/\">\n\t\t\t<div class=\"dce-post-block\">\n\t\t<div class=\"dce-item dce-item_title elementor-repeater-item-35a3145\"><h2 class=\"dce-post-title\"><a href=\"https:\/\/fka.mta.hu\/en\/tagok\/lengyel-balazs\/\">Lengyel, Bal\u00e1zs<\/a><\/h2><\/div>\t\t\t<\/div>\n\t\t<\/article>\n\t\t\n\t\t<article class=\"post-2961 tagok type-tagok status-publish has-post-thumbnail hentry category-alumni dce-post dce-post-item dce-item-grid\" data-dce-post-id=\"2961\" data-dce-post-index=\"23\" data-post-link=\"https:\/\/fka.mta.hu\/en\/tagok\/mate-agnes\/\">\n\t\t\t<div class=\"dce-post-block\">\n\t\t<div class=\"dce-item dce-item_title elementor-repeater-item-35a3145\"><h2 class=\"dce-post-title\"><a href=\"https:\/\/fka.mta.hu\/en\/tagok\/mate-agnes\/\">M\u00e1t\u00e9, \u00c1gnes<\/a><\/h2><\/div>\t\t\t<\/div>\n\t\t<\/article>\n\t\t\n\t\t<article class=\"post-2965 tagok type-tagok status-publish has-post-thumbnail hentry category-alumni dce-post dce-post-item dce-item-grid\" data-dce-post-id=\"2965\" data-dce-post-index=\"24\" data-post-link=\"https:\/\/fka.mta.hu\/en\/tagok\/neumann-eszter\/\">\n\t\t\t<div class=\"dce-post-block\">\n\t\t<div class=\"dce-item dce-item_title elementor-repeater-item-35a3145\"><h2 class=\"dce-post-title\"><a href=\"https:\/\/fka.mta.hu\/en\/tagok\/neumann-eszter\/\">Neumann, Eszter<\/a><\/h2><\/div>\t\t\t<\/div>\n\t\t<\/article>\n\t\t\n\t\t<article class=\"post-2967 tagok type-tagok status-publish has-post-thumbnail hentry category-alumni dce-post dce-post-item dce-item-grid\" data-dce-post-id=\"2967\" data-dce-post-index=\"25\" data-post-link=\"https:\/\/fka.mta.hu\/en\/tagok\/osi-attila\/\">\n\t\t\t<div class=\"dce-post-block\">\n\t\t<div class=\"dce-item dce-item_title elementor-repeater-item-35a3145\"><h2 class=\"dce-post-title\"><a href=\"https:\/\/fka.mta.hu\/en\/tagok\/osi-attila\/\">\u0150si, Attila<\/a><\/h2><\/div>\t\t\t<\/div>\n\t\t<\/article>\n\t\t\n\t\t<article class=\"post-2973 tagok type-tagok status-publish has-post-thumbnail hentry category-alumni dce-post dce-post-item dce-item-grid\" data-dce-post-id=\"2973\" data-dce-post-index=\"26\" data-post-link=\"https:\/\/fka.mta.hu\/en\/tagok\/schlosser-gitta\/\">\n\t\t\t<div class=\"dce-post-block\">\n\t\t<div class=\"dce-item dce-item_title elementor-repeater-item-35a3145\"><h2 class=\"dce-post-title\"><a href=\"https:\/\/fka.mta.hu\/en\/tagok\/schlosser-gitta\/\">Schlosser, Gitta<\/a><\/h2><\/div>\t\t\t<\/div>\n\t\t<\/article>\n\t\t\n\t\t<article class=\"post-2975 tagok type-tagok status-publish has-post-thumbnail hentry category-alumni dce-post dce-post-item dce-item-grid\" data-dce-post-id=\"2975\" data-dce-post-index=\"27\" data-post-link=\"https:\/\/fka.mta.hu\/en\/tagok\/sik-domonkos\/\">\n\t\t\t<div class=\"dce-post-block\">\n\t\t<div class=\"dce-item dce-item_title elementor-repeater-item-35a3145\"><h2 class=\"dce-post-title\"><a href=\"https:\/\/fka.mta.hu\/en\/tagok\/sik-domonkos\/\">Sik, Domonkos<\/a><\/h2><\/div>\t\t\t<\/div>\n\t\t<\/article>\n\t\t\n\t\t<article class=\"post-3464 tagok type-tagok status-publish has-post-thumbnail hentry category-alumni dce-post dce-post-item dce-item-grid\" data-dce-post-id=\"3464\" data-dce-post-index=\"28\" data-post-link=\"https:\/\/fka.mta.hu\/en\/tagok\/solymosi-katalin\/\">\n\t\t\t<div class=\"dce-post-block\">\n\t\t<div class=\"dce-item dce-item_title elementor-repeater-item-35a3145\"><h2 class=\"dce-post-title\"><a href=\"https:\/\/fka.mta.hu\/en\/tagok\/solymosi-katalin\/\">Solymosi, Katalin<\/a><\/h2><\/div>\t\t\t<\/div>\n\t\t<\/article>\n\t\t\n\t\t<article class=\"post-3470 tagok type-tagok status-publish has-post-thumbnail hentry category-alumni dce-post dce-post-item dce-item-grid\" data-dce-post-id=\"3470\" data-dce-post-index=\"29\" data-post-link=\"https:\/\/fka.mta.hu\/en\/tagok\/szilagyi-adrienn\/\">\n\t\t\t<div class=\"dce-post-block\">\n\t\t<div class=\"dce-item dce-item_title elementor-repeater-item-35a3145\"><h2 class=\"dce-post-title\"><a href=\"https:\/\/fka.mta.hu\/en\/tagok\/szilagyi-adrienn\/\">Szil\u00e1gyi, Adrienn<\/a><\/h2><\/div>\t\t\t<\/div>\n\t\t<\/article>\n\t\t\n\t\t<article class=\"post-3514 tagok type-tagok status-publish has-post-thumbnail hentry category-alumni dce-post dce-post-item dce-item-grid\" data-dce-post-id=\"3514\" data-dce-post-index=\"30\" data-post-link=\"https:\/\/fka.mta.hu\/en\/tagok\/szollosi-gergely-j\/\">\n\t\t\t<div class=\"dce-post-block\">\n\t\t<div class=\"dce-item dce-item_title elementor-repeater-item-35a3145\"><h2 class=\"dce-post-title\"><a href=\"https:\/\/fka.mta.hu\/en\/tagok\/szollosi-gergely-j\/\">Sz\u00f6ll\u0151si, Gergely J.<\/a><\/h2><\/div>\t\t\t<\/div>\n\t\t<\/article>\n\t\t\n\t\t<article class=\"post-3523 tagok type-tagok status-publish has-post-thumbnail hentry category-alumni dce-post dce-post-item dce-item-grid\" data-dce-post-id=\"3523\" data-dce-post-index=\"31\" data-post-link=\"https:\/\/fka.mta.hu\/en\/tagok\/terpaitamas\/\">\n\t\t\t<div class=\"dce-post-block\">\n\t\t<div class=\"dce-item dce-item_title elementor-repeater-item-35a3145\"><h2 class=\"dce-post-title\"><a href=\"https:\/\/fka.mta.hu\/en\/tagok\/terpaitamas\/\">Terpai,Tam\u00e1s<\/a><\/h2><\/div>\t\t\t<\/div>\n\t\t<\/article>\n\t\t\n\t\t<article class=\"post-3517 tagok type-tagok status-publish has-post-thumbnail hentry category-alumni dce-post dce-post-item dce-item-grid\" data-dce-post-id=\"3517\" data-dce-post-index=\"32\" data-post-link=\"https:\/\/fka.mta.hu\/en\/tagok\/toldi-gergely\/\">\n\t\t\t<div class=\"dce-post-block\">\n\t\t<div class=\"dce-item dce-item_title elementor-repeater-item-35a3145\"><h2 class=\"dce-post-title\"><a href=\"https:\/\/fka.mta.hu\/en\/tagok\/toldi-gergely\/\">Toldi, Gergely<\/a><\/h2><\/div>\t\t\t<\/div>\n\t\t<\/article>\n\t\t\n\t\t<article class=\"post-3518 tagok type-tagok status-publish has-post-thumbnail hentry category-alumni dce-post dce-post-item dce-item-grid\" data-dce-post-id=\"3518\" data-dce-post-index=\"33\" data-post-link=\"https:\/\/fka.mta.hu\/en\/tagok\/torok-peter\/\">\n\t\t\t<div class=\"dce-post-block\">\n\t\t<div class=\"dce-item dce-item_title elementor-repeater-item-35a3145\"><h2 class=\"dce-post-title\"><a href=\"https:\/\/fka.mta.hu\/en\/tagok\/torok-peter\/\">T\u00f6r\u00f6k, P\u00e9ter<\/a><\/h2><\/div>\t\t\t<\/div>\n\t\t<\/article>\n\t\t\n\t\t<article class=\"post-3519 tagok type-tagok status-publish has-post-thumbnail hentry category-alumni dce-post dce-post-item dce-item-grid\" data-dce-post-id=\"3519\" data-dce-post-index=\"34\" data-post-link=\"https:\/\/fka.mta.hu\/en\/tagok\/toth-gyorgy\/\">\n\t\t\t<div class=\"dce-post-block\">\n\t\t<div class=\"dce-item dce-item_title elementor-repeater-item-35a3145\"><h2 class=\"dce-post-title\"><a href=\"https:\/\/fka.mta.hu\/en\/tagok\/toth-gyorgy\/\">T\u00f3th, Gy\u00f6rgy<\/a><\/h2><\/div>\t\t\t<\/div>\n\t\t<\/article>\n\t\t\n\t\t<article class=\"post-3521 tagok type-tagok status-publish has-post-thumbnail hentry category-alumni dce-post dce-post-item dce-item-grid\" data-dce-post-id=\"3521\" data-dce-post-index=\"35\" data-post-link=\"https:\/\/fka.mta.hu\/en\/tagok\/venglovecz-viktoria\/\">\n\t\t\t<div class=\"dce-post-block\">\n\t\t<div class=\"dce-item dce-item_title elementor-repeater-item-35a3145\"><h2 class=\"dce-post-title\"><a href=\"https:\/\/fka.mta.hu\/en\/tagok\/venglovecz-viktoria\/\">Venglovecz, Vikt\u00f3ria<\/a><\/h2><\/div>\t\t\t<\/div>\n\t\t<\/article>\n\t\t\t\t\t<\/div>\n\t\t\t\t\t<\/div>\n\t\t\t\t\t\t<\/div>\n\t\t\t\t<\/div>\n\t\t\t\t\t<\/div>\n\t\t\t\t<\/div>\n\t\t\t\t<\/div>\n\t\t","protected":false},"excerpt":{"rendered":"Alp\u00e1r, Don\u00e1t B\u00e1ba, Barbara B\u00e1lint, Erika Balogh, G\u00e1bor B\u00e9ni, Szabolcs Csuka, Dorottya Csupor, Dezs\u0151 D\u00e9k\u00e1ny, \u00c9va D\u00f6m\u00f6t\u00f6r, Orsolya Enyedi, Bal\u00e1zs Ercsey-Ravasz, M\u00e1ria-Magdolna Gselmann, Eszter Hartmann, B\u00e1lint Hatvani, Istv\u00e1n G\u00e1bor J\u00e1mbor, Attila Jan\u00e1ky, Csaba Kecsk\u00e9s, G\u00e1bor Kiss, G\u00e1bor Gyula K\u00f3sp\u00e1l, \u00c1gnes Kov\u00e1cs, Istv\u00e1n J\u00e1nos Kubinyi, Enik\u0151 L\u00e1z\u00e1r, Zs\u00f3fia Lengyel, Bal\u00e1zs M\u00e1t\u00e9, \u00c1gnes Neumann, Eszter \u0150si, Attila&#8230; <a class=\"view-article\" href=\"https:\/\/fka.mta.hu\/en\/alumni\/\">View Article<\/a>","protected":false},"author":1,"featured_media":0,"parent":0,"menu_order":0,"comment_status":"closed","ping_status":"closed","template":"","meta":{"_acf_changed":false,"footnotes":""},"class_list":["post-1402","page","type-page","status-publish","hentry"],"acf":[],"_links":{"self":[{"href":"https:\/\/fka.mta.hu\/en\/wp-json\/wp\/v2\/pages\/1402","targetHints":{"allow":["GET"]}}],"collection":[{"href":"https:\/\/fka.mta.hu\/en\/wp-json\/wp\/v2\/pages"}],"about":[{"href":"https:\/\/fka.mta.hu\/en\/wp-json\/wp\/v2\/types\/page"}],"author":[{"embeddable":true,"href":"https:\/\/fka.mta.hu\/en\/wp-json\/wp\/v2\/users\/1"}],"replies":[{"embeddable":true,"href":"https:\/\/fka.mta.hu\/en\/wp-json\/wp\/v2\/comments?post=1402"}],"version-history":[{"count":8,"href":"https:\/\/fka.mta.hu\/en\/wp-json\/wp\/v2\/pages\/1402\/revisions"}],"predecessor-version":[{"id":4226,"href":"https:\/\/fka.mta.hu\/en\/wp-json\/wp\/v2\/pages\/1402\/revisions\/4226"}],"wp:attachment":[{"href":"https:\/\/fka.mta.hu\/en\/wp-json\/wp\/v2\/media?parent=1402"}],"curies":[{"name":"wp","href":"https:\/\/api.w.org\/{rel}","templated":true}]}}